{"id":674,"date":"2024-11-22T23:29:50","date_gmt":"2024-11-22T23:29:50","guid":{"rendered":"https:\/\/academievillarreal.rssoftllc.com\/?page_id=674"},"modified":"2024-11-22T23:43:36","modified_gmt":"2024-11-22T23:43:36","slug":"tor","status":"publish","type":"page","link":"https:\/\/academievillarreal.rssoftllc.com\/index.php\/tor\/","title":{"rendered":"Tournois"},"content":{"rendered":"\t\t<div data-elementor-type=\"wp-page\" data-elementor-id=\"674\" class=\"elementor elementor-674\" data-elementor-post-type=\"page\">\n\t\t\t\t\t\t<section class=\"elementor-section elementor-top-section elementor-element elementor-element-61aaa1a elementor-section-boxed elementor-section-height-default elementor-section-height-default\" data-id=\"61aaa1a\" data-element_type=\"section\" data-settings=\"{&quot;background_background&quot;:&quot;classic&quot;}\">\n\t\t\t\t\t\t\t<div class=\"elementor-background-overlay\"><\/div>\n\t\t\t\t\t\t\t<div class=\"elementor-container elementor-column-gap-default\">\n\t\t\t\t\t<div class=\"elementor-column elementor-col-100 elementor-top-column elementor-element elementor-element-48cb447\" data-id=\"48cb447\" data-element_type=\"column\">\n\t\t\t<div class=\"elementor-widget-wrap elementor-element-populated\">\n\t\t\t\t\t\t<div class=\"elementor-element elementor-element-227cfc1 elementor-widget elementor-widget-jkit_heading\" data-id=\"227cfc1\" data-element_type=\"widget\" data-widget_type=\"jkit_heading.default\">\n\t\t\t\t<div class=\"elementor-widget-container\">\n\t\t\t<div  class=\"jeg-elementor-kit jkit-heading  align-center align-tablet- align-mobile- jeg_module___69e9a933eb18a\" ><div class=\"heading-section-title  display-inline-block\"><h2 class=\"heading-title\">Tournois<\/h2><\/div><\/div>\t\t<\/div>\n\t\t\t\t<\/div>\n\t\t\t\t\t<\/div>\n\t\t<\/div>\n\t\t\t\t\t<\/div>\n\t\t<\/section>\n\t\t<div class=\"elementor-element elementor-element-24d9b18 e-con-full e-flex e-con e-parent\" data-id=\"24d9b18\" data-element_type=\"container\" data-settings=\"{&quot;background_background&quot;:&quot;classic&quot;}\">\n\t\t<div class=\"elementor-element elementor-element-d50da0b e-grid e-con-full e-con e-child\" data-id=\"d50da0b\" data-element_type=\"container\">\n\t\t\t\t<div class=\"elementor-element elementor-element-ca63fb5 elementor-widget elementor-widget-text-editor\" data-id=\"ca63fb5\" data-element_type=\"widget\" data-widget_type=\"text-editor.default\">\n\t\t\t\t<div class=\"elementor-widget-container\">\n\t\t\t\t\t\t\t<p>L\u2019Acad\u00e9mie Villarreal Montr\u00e9al, en collaboration avec Villarreal CF, participe activement \u00e0 divers tournois et \u00e9v\u00e9nements internationaux. Voici un aper\u00e7u des opportunit\u00e9s offertes :<\/p><ol><li>Participation \u00e0 des tournois internationaux : Les acad\u00e9mies affili\u00e9es, comme celle de Montr\u00e9al, participent r\u00e9guli\u00e8rement \u00e0 des tournois majeurs organis\u00e9s par Villarreal, tels que la Yellow Cup Easter et la Yellow Cup Summer. Ces \u00e9v\u00e9nements permettent aux joueurs de rivaliser avec d\u2019autres \u00e9quipes venues du monde entier, tout en d\u00e9couvrant la m\u00e9thodologie de Villarreal et ses installations embl\u00e9matiques, comme l\u2019Estadio de la Cer\u00e1mica\u00a0 .<\/li><li>\u00c9changes et formations en Espagne : Les joueurs et entra\u00eeneurs de l\u2019acad\u00e9mie peuvent b\u00e9n\u00e9ficier de programmes comme la Player Training Week et le Team Playing Experience. Ces s\u00e9jours incluent des entra\u00eenements au centre de formation Jos\u00e9 Manuel Llaneza, des matchs amicaux et des activit\u00e9s culturelles \u00e0 Villarreal. Ce type d\u2019\u00e9change est con\u00e7u pour d\u00e9velopper les comp\u00e9tences techniques et humaines des participants .<\/li><li>Camps et d\u00e9tections : Des camps d\u2019entra\u00eenement locaux et internationaux sont organis\u00e9s par Villarreal pour rep\u00e9rer les talents prometteurs. Ces camps offrent aux joueurs de l\u2019acad\u00e9mie de Montr\u00e9al une chance de repr\u00e9senter les \u00e9quipes nord-am\u00e9ricaines lors de comp\u00e9titions internationales\u00a0 .<\/li><li>Tournois d\u00e9di\u00e9s : Villarreal a r\u00e9cemment introduit la Villarreal Academy Cup, un \u00e9v\u00e9nement qui r\u00e9unit les acad\u00e9mies partenaires \u00e0 l\u2019\u00e9chelle mondiale pour des comp\u00e9titions sur leurs terrains en Espagne. Cela offre une exp\u00e9rience unique aux jeunes athl\u00e8tes et leur permet de se mesurer \u00e0 un haut niveau .<\/li><\/ol><p>\u00a0<\/p><p>En r\u00e9sum\u00e9, l\u2019Acad\u00e9mie Villarreal Montr\u00e9al s\u2019inscrit dans une dynamique mondiale visant \u00e0 d\u00e9velopper les talents locaux tout en offrant des opportunit\u00e9s d\u2019exposition et d\u2019apprentissage sur la sc\u00e8ne internationale. Ces initiatives renforcent le lien avec la philosophie et les valeurs du Villarreal CF.<\/p>\t\t\t\t\t\t<\/div>\n\t\t\t\t<\/div>\n\t\t\t\t<div class=\"elementor-element elementor-element-39c1d76 elementor-arrows-position-inside elementor-pagination-position-outside elementor-widget elementor-widget-image-carousel\" data-id=\"39c1d76\" data-element_type=\"widget\" data-settings=\"{&quot;slides_to_show&quot;:&quot;1&quot;,&quot;navigation&quot;:&quot;both&quot;,&quot;autoplay&quot;:&quot;yes&quot;,&quot;pause_on_hover&quot;:&quot;yes&quot;,&quot;pause_on_interaction&quot;:&quot;yes&quot;,&quot;autoplay_speed&quot;:5000,&quot;infinite&quot;:&quot;yes&quot;,&quot;effect&quot;:&quot;slide&quot;,&quot;speed&quot;:500}\" data-widget_type=\"image-carousel.default\">\n\t\t\t\t<div class=\"elementor-widget-container\">\n\t\t\t\t\t<div class=\"elementor-image-carousel-wrapper swiper\" dir=\"ltr\">\n\t\t\t<div class=\"elementor-image-carousel swiper-wrapper\" aria-live=\"off\">\n\t\t\t\t\t\t\t\t<div class=\"swiper-slide\" role=\"group\" aria-roledescription=\"slide\" aria-label=\"1 of 9\"><figure class=\"swiper-slide-inner\"><img decoding=\"async\" class=\"swiper-slide-image\" src=\"https:\/\/academievillarreal.rssoftllc.com\/wp-content\/uploads\/2024\/11\/20240113-VillarrealCFMiniF-Rafalafena-013-scaled.jpg\" alt=\"20240113-VillarrealCFMiniF-Rafalafena-013\" \/><\/figure><\/div><div class=\"swiper-slide\" role=\"group\" aria-roledescription=\"slide\" aria-label=\"2 of 9\"><figure class=\"swiper-slide-inner\"><img decoding=\"async\" class=\"swiper-slide-image\" src=\"https:\/\/academievillarreal.rssoftllc.com\/wp-content\/uploads\/2024\/11\/20240113-VillarrealCFJuvA-EFBMiguelIturra-019-scaled.jpg\" alt=\"20240113-VillarrealCFJuvA-EFBMiguelIturra-019\" \/><\/figure><\/div><div class=\"swiper-slide\" role=\"group\" aria-roledescription=\"slide\" aria-label=\"3 of 9\"><figure class=\"swiper-slide-inner\"><img decoding=\"async\" class=\"swiper-slide-image\" src=\"https:\/\/academievillarreal.rssoftllc.com\/wp-content\/uploads\/2024\/11\/20240113-VillarrealCFJuvA-EFBMiguelIturra-031-scaled.jpg\" alt=\"20240113-VillarrealCFJuvA-EFBMiguelIturra-031\" \/><\/figure><\/div><div class=\"swiper-slide\" role=\"group\" aria-roledescription=\"slide\" aria-label=\"4 of 9\"><figure class=\"swiper-slide-inner\"><img decoding=\"async\" class=\"swiper-slide-image\" src=\"https:\/\/academievillarreal.rssoftllc.com\/wp-content\/uploads\/2024\/11\/20240113-VillarrealCFBenjC-Segorbe-024-scaled.jpg\" alt=\"20240113-VillarrealCFBenjC-Segorbe-024\" \/><\/figure><\/div><div class=\"swiper-slide\" role=\"group\" aria-roledescription=\"slide\" aria-label=\"5 of 9\"><figure class=\"swiper-slide-inner\"><img decoding=\"async\" class=\"swiper-slide-image\" src=\"https:\/\/academievillarreal.rssoftllc.com\/wp-content\/uploads\/2024\/11\/20240113-VillarrealCFBenjC-Segorbe-016-scaled.jpg\" alt=\"20240113-VillarrealCFBenjC-Segorbe-016\" \/><\/figure><\/div><div class=\"swiper-slide\" role=\"group\" aria-roledescription=\"slide\" aria-label=\"6 of 9\"><figure class=\"swiper-slide-inner\"><img decoding=\"async\" class=\"swiper-slide-image\" src=\"https:\/\/academievillarreal.rssoftllc.com\/wp-content\/uploads\/2024\/11\/20240113-VillarrealCFBenjC-Segorbe-009-scaled.jpg\" alt=\"20240113-VillarrealCFBenjC-Segorbe-009\" \/><\/figure><\/div><div class=\"swiper-slide\" role=\"group\" aria-roledescription=\"slide\" aria-label=\"7 of 9\"><figure class=\"swiper-slide-inner\"><img decoding=\"async\" class=\"swiper-slide-image\" src=\"https:\/\/academievillarreal.rssoftllc.com\/wp-content\/uploads\/2024\/11\/IMG_3858.jpg\" alt=\"IMG_3858\" \/><\/figure><\/div><div class=\"swiper-slide\" role=\"group\" aria-roledescription=\"slide\" aria-label=\"8 of 9\"><figure class=\"swiper-slide-inner\"><img decoding=\"async\" class=\"swiper-slide-image\" src=\"https:\/\/academievillarreal.rssoftllc.com\/wp-content\/uploads\/2024\/11\/IMG_4445.jpg\" alt=\"IMG_4445\" \/><\/figure><\/div><div class=\"swiper-slide\" role=\"group\" aria-roledescription=\"slide\" aria-label=\"9 of 9\"><figure class=\"swiper-slide-inner\"><img decoding=\"async\" class=\"swiper-slide-image\" src=\"https:\/\/academievillarreal.rssoftllc.com\/wp-content\/uploads\/2024\/11\/IMG_3835.jpg\" alt=\"IMG_3835\" \/><\/figure><\/div>\t\t\t<\/div>\n\t\t\t\t\t\t\t\t\t\t\t\t<div class=\"elementor-swiper-button elementor-swiper-button-prev\" role=\"button\" tabindex=\"0\">\n\t\t\t\t\t\t<svg aria-hidden=\"true\" class=\"e-font-icon-svg e-eicon-chevron-left\" viewBox=\"0 0 1000 1000\" xmlns=\"http:\/\/www.w3.org\/2000\/svg\"><path d=\"M646 125C629 125 613 133 604 142L308 442C296 454 292 471 292 487 292 504 296 521 308 533L604 854C617 867 629 875 646 875 663 875 679 871 692 858 704 846 713 829 713 812 713 796 708 779 692 767L438 487 692 225C700 217 708 204 708 187 708 171 704 154 692 142 675 129 663 125 646 125Z\"><\/path><\/svg>\t\t\t\t\t<\/div>\n\t\t\t\t\t<div class=\"elementor-swiper-button elementor-swiper-button-next\" role=\"button\" tabindex=\"0\">\n\t\t\t\t\t\t<svg aria-hidden=\"true\" class=\"e-font-icon-svg e-eicon-chevron-right\" viewBox=\"0 0 1000 1000\" xmlns=\"http:\/\/www.w3.org\/2000\/svg\"><path d=\"M696 533C708 521 713 504 713 487 713 471 708 454 696 446L400 146C388 133 375 125 354 125 338 125 325 129 313 142 300 154 292 171 292 187 292 204 296 221 308 233L563 492 304 771C292 783 288 800 288 817 288 833 296 850 308 863 321 871 338 875 354 875 371 875 388 867 400 854L696 533Z\"><\/path><\/svg>\t\t\t\t\t<\/div>\n\t\t\t\t\n\t\t\t\t\t\t\t\t\t<div class=\"swiper-pagination\"><\/div>\n\t\t\t\t\t\t\t\t\t<\/div>\n\t\t\t\t<\/div>\n\t\t\t\t<\/div>\n\t\t\t\t<\/div>\n\t\t\t\t<\/div>\n\t\t\t\t<\/div>\n\t\t","protected":false},"excerpt":{"rendered":"<p>Tournois L\u2019Acad\u00e9mie Villarreal Montr\u00e9al, en collaboration avec Villarreal CF, participe activement \u00e0 divers tournois et \u00e9v\u00e9nements internationaux. Voici un aper\u00e7u des opportunit\u00e9s offertes : Participation \u00e0 des tournois internationaux : Les acad\u00e9mies affili\u00e9es, comme celle de Montr\u00e9al, participent r\u00e9guli\u00e8rement \u00e0 des tournois majeurs organis\u00e9s par Villarreal, tels que la Yellow Cup Easter et la Yellow [&hellip;]<\/p>\n","protected":false},"author":1,"featured_media":0,"parent":0,"menu_order":0,"comment_status":"closed","ping_status":"closed","template":"elementor_header_footer","meta":{"footnotes":""},"class_list":["post-674","page","type-page","status-publish","hentry"],"_links":{"self":[{"href":"https:\/\/academievillarreal.rssoftllc.com\/index.php\/wp-json\/wp\/v2\/pages\/674","targetHints":{"allow":["GET"]}}],"collection":[{"href":"https:\/\/academievillarreal.rssoftllc.com\/index.php\/wp-json\/wp\/v2\/pages"}],"about":[{"href":"https:\/\/academievillarreal.rssoftllc.com\/index.php\/wp-json\/wp\/v2\/types\/page"}],"author":[{"embeddable":true,"href":"https:\/\/academievillarreal.rssoftllc.com\/index.php\/wp-json\/wp\/v2\/users\/1"}],"replies":[{"embeddable":true,"href":"https:\/\/academievillarreal.rssoftllc.com\/index.php\/wp-json\/wp\/v2\/comments?post=674"}],"version-history":[{"count":20,"href":"https:\/\/academievillarreal.rssoftllc.com\/index.php\/wp-json\/wp\/v2\/pages\/674\/revisions"}],"predecessor-version":[{"id":696,"href":"https:\/\/academievillarreal.rssoftllc.com\/index.php\/wp-json\/wp\/v2\/pages\/674\/revisions\/696"}],"wp:attachment":[{"href":"https:\/\/academievillarreal.rssoftllc.com\/index.php\/wp-json\/wp\/v2\/media?parent=674"}],"curies":[{"name":"wp","href":"https:\/\/api.w.org\/{rel}","templated":true}]}}