{"id":849,"date":"2024-11-26T18:04:07","date_gmt":"2024-11-26T18:04:07","guid":{"rendered":"https:\/\/academievillarreal.rssoftllc.com\/?page_id=849"},"modified":"2024-11-26T18:49:18","modified_gmt":"2024-11-26T18:49:18","slug":"programs","status":"publish","type":"page","link":"https:\/\/academievillarreal.rssoftllc.com\/index.php\/programs\/","title":{"rendered":"Programs"},"content":{"rendered":"\t\t<div data-elementor-type=\"wp-page\" data-elementor-id=\"849\" class=\"elementor elementor-849\" data-elementor-post-type=\"page\">\n\t\t\t\t\t\t<section class=\"elementor-section elementor-top-section elementor-element elementor-element-45e4c80 elementor-section-boxed elementor-section-height-default elementor-section-height-default\" data-id=\"45e4c80\" data-element_type=\"section\" data-settings=\"{&quot;background_background&quot;:&quot;classic&quot;}\">\n\t\t\t\t\t\t\t<div class=\"elementor-background-overlay\"><\/div>\n\t\t\t\t\t\t\t<div class=\"elementor-container elementor-column-gap-default\">\n\t\t\t\t\t<div class=\"elementor-column elementor-col-100 elementor-top-column elementor-element elementor-element-692c7e7\" data-id=\"692c7e7\" data-element_type=\"column\">\n\t\t\t<div class=\"elementor-widget-wrap elementor-element-populated\">\n\t\t\t\t\t\t<div class=\"elementor-element elementor-element-6c4aca8 elementor-widget elementor-widget-jkit_heading\" data-id=\"6c4aca8\" data-element_type=\"widget\" data-widget_type=\"jkit_heading.default\">\n\t\t\t\t<div class=\"elementor-widget-container\">\n\t\t\t<div  class=\"jeg-elementor-kit jkit-heading  align-center align-tablet- align-mobile- jeg_module___69e9a6628f145\" ><div class=\"heading-section-title  display-inline-block\"><h2 class=\"heading-title\">Programme de l\u2019Acad\u00e9mie Villarreal Montr\u00e9al<\/h2><\/div><\/div>\t\t<\/div>\n\t\t\t\t<\/div>\n\t\t\t\t\t<\/div>\n\t\t<\/div>\n\t\t\t\t\t<\/div>\n\t\t<\/section>\n\t\t<div class=\"elementor-element elementor-element-481cc29 e-con-full e-flex e-con e-parent\" data-id=\"481cc29\" data-element_type=\"container\" data-settings=\"{&quot;background_background&quot;:&quot;classic&quot;}\">\n\t\t<div class=\"elementor-element elementor-element-bc0ec28 e-grid e-con-boxed e-con e-child\" data-id=\"bc0ec28\" data-element_type=\"container\">\n\t\t\t\t\t<div class=\"e-con-inner\">\n\t\t\t\t<div class=\"elementor-element elementor-element-0650d6f elementor-widget elementor-widget-text-editor\" data-id=\"0650d6f\" data-element_type=\"widget\" data-widget_type=\"text-editor.default\">\n\t\t\t\t<div class=\"elementor-widget-container\">\n\t\t\t\t\t\t\t<p><strong>Depuis 5 ans, l\u2019Acad\u00e9mie Villarreal Montr\u00e9al, situ\u00e9e au c\u0153ur de Montr\u00e9al, Qu\u00e9bec, Canada, offre des programmes de soccer d\u2019\u00e9lite pour les jeunes de 6 \u00e0 17 ans. Inspir\u00e9e par l\u2019acad\u00e9mie m\u00e8re en Espagne, notre mission est de former des joueurs talentueux tout en leur inculquant les valeurs du sport : respect, discipline et esprit d\u2019\u00e9quipe.<\/strong><\/p>\t\t\t\t\t\t<\/div>\n\t\t\t\t<\/div>\n\t\t\t\t\t<\/div>\n\t\t\t\t<\/div>\n\t\t<div class=\"elementor-element elementor-element-771337e e-grid e-con-full e-con e-child\" data-id=\"771337e\" data-element_type=\"container\">\n\t\t\t\t<div class=\"elementor-element elementor-element-fa7df28 elementor-widget elementor-widget-heading\" data-id=\"fa7df28\" data-element_type=\"widget\" data-widget_type=\"heading.default\">\n\t\t\t\t<div class=\"elementor-widget-container\">\n\t\t\t<h2 class=\"elementor-heading-title elementor-size-default\">Nos programmes : Une formation adapt\u00e9e \u00e0 chaque \u00e2ge\n<\/h2>\t\t<\/div>\n\t\t\t\t<\/div>\n\t\t\t\t<div class=\"elementor-element elementor-element-8651054 elementor-widget elementor-widget-text-editor\" data-id=\"8651054\" data-element_type=\"widget\" data-widget_type=\"text-editor.default\">\n\t\t\t\t<div class=\"elementor-widget-container\">\n\t\t\t\t\t\t\t<p>Nous avons con\u00e7u nos programmes pour r\u00e9pondre aux besoins de d\u00e9veloppement sp\u00e9cifiques \u00e0 <br \/>chaque \u00e9tape de la croissance des jeunes joueurs :<\/p>\t\t\t\t\t\t<\/div>\n\t\t\t\t<\/div>\n\t\t<div class=\"elementor-element elementor-element-af86168 e-grid e-con-boxed e-con e-child\" data-id=\"af86168\" data-element_type=\"container\">\n\t\t\t\t\t<div class=\"e-con-inner\">\n\t\t\t\t<div class=\"elementor-element elementor-element-811475f elementor-widget elementor-widget-text-editor\" data-id=\"811475f\" data-element_type=\"widget\" data-widget_type=\"text-editor.default\">\n\t\t\t\t<div class=\"elementor-widget-container\">\n\t\t\t\t\t\t\t<p><strong>6 \u00e0 8 ans : D\u00e9couverte<\/strong><\/p><p>Une introduction ludique et motivante au soccer.<br \/>\u2022 Objectifs : D\u00e9velopper une passion pour le sport et explorer les bases du jeu.<br \/>\u2022 Contenu : Jeux interactifs, exercices de coordination et travail d\u2019\u00e9quipe.<\/p>\t\t\t\t\t\t<\/div>\n\t\t\t\t<\/div>\n\t\t\t\t<div class=\"elementor-element elementor-element-2cbd76a elementor-widget elementor-widget-image\" data-id=\"2cbd76a\" data-element_type=\"widget\" data-widget_type=\"image.default\">\n\t\t\t\t<div class=\"elementor-widget-container\">\n\t\t\t\t\t\t\t\t\t\t\t\t\t<img fetchpriority=\"high\" decoding=\"async\" width=\"800\" height=\"600\" src=\"https:\/\/academievillarreal.rssoftllc.com\/wp-content\/uploads\/2024\/11\/IMG_3733-1-1024x768.jpg\" class=\"attachment-large size-large wp-image-414\" alt=\"\" srcset=\"https:\/\/academievillarreal.rssoftllc.com\/wp-content\/uploads\/2024\/11\/IMG_3733-1-1024x768.jpg 1024w, https:\/\/academievillarreal.rssoftllc.com\/wp-content\/uploads\/2024\/11\/IMG_3733-1-300x225.jpg 300w, https:\/\/academievillarreal.rssoftllc.com\/wp-content\/uploads\/2024\/11\/IMG_3733-1-768x576.jpg 768w, https:\/\/academievillarreal.rssoftllc.com\/wp-content\/uploads\/2024\/11\/IMG_3733-1-1536x1152.jpg 1536w, https:\/\/academievillarreal.rssoftllc.com\/wp-content\/uploads\/2024\/11\/IMG_3733-1-2048x1536.jpg 2048w\" sizes=\"(max-width: 800px) 100vw, 800px\" \/>\t\t\t\t\t\t\t\t\t\t\t\t\t<\/div>\n\t\t\t\t<\/div>\n\t\t\t\t\t<\/div>\n\t\t\t\t<\/div>\n\t\t<div class=\"elementor-element elementor-element-7dfb00f e-grid e-con-boxed e-con e-child\" data-id=\"7dfb00f\" data-element_type=\"container\">\n\t\t\t\t\t<div class=\"e-con-inner\">\n\t\t\t\t<div class=\"elementor-element elementor-element-5ef443d elementor-widget elementor-widget-image\" data-id=\"5ef443d\" data-element_type=\"widget\" data-widget_type=\"image.default\">\n\t\t\t\t<div class=\"elementor-widget-container\">\n\t\t\t\t\t\t\t\t\t\t\t\t\t<img decoding=\"async\" width=\"800\" height=\"534\" src=\"https:\/\/academievillarreal.rssoftllc.com\/wp-content\/uploads\/2024\/11\/20240113-VillarrealCFBenjC-Segorbe-030-1024x683.jpg\" class=\"attachment-large size-large wp-image-483\" alt=\"\" srcset=\"https:\/\/academievillarreal.rssoftllc.com\/wp-content\/uploads\/2024\/11\/20240113-VillarrealCFBenjC-Segorbe-030-1024x683.jpg 1024w, https:\/\/academievillarreal.rssoftllc.com\/wp-content\/uploads\/2024\/11\/20240113-VillarrealCFBenjC-Segorbe-030-300x200.jpg 300w, https:\/\/academievillarreal.rssoftllc.com\/wp-content\/uploads\/2024\/11\/20240113-VillarrealCFBenjC-Segorbe-030-768x512.jpg 768w, https:\/\/academievillarreal.rssoftllc.com\/wp-content\/uploads\/2024\/11\/20240113-VillarrealCFBenjC-Segorbe-030-1536x1024.jpg 1536w, https:\/\/academievillarreal.rssoftllc.com\/wp-content\/uploads\/2024\/11\/20240113-VillarrealCFBenjC-Segorbe-030-2048x1365.jpg 2048w\" sizes=\"(max-width: 800px) 100vw, 800px\" \/>\t\t\t\t\t\t\t\t\t\t\t\t\t<\/div>\n\t\t\t\t<\/div>\n\t\t\t\t<div class=\"elementor-element elementor-element-cb88272 elementor-widget elementor-widget-text-editor\" data-id=\"cb88272\" data-element_type=\"widget\" data-widget_type=\"text-editor.default\">\n\t\t\t\t<div class=\"elementor-widget-container\">\n\t\t\t\t\t\t\t<p><strong>8 \u00e0 12 ans : Initiation<\/strong><\/p><p>L\u2019\u00e2ge id\u00e9al pour travailler les fondamentaux techniques.<br \/>\u2022 Objectifs : Perfectionner lesgestes techniques (dribbles, passes, tirs) et introduire les principes tactiques simples. <br \/>\u2022 Contenu : Entra\u00eenements ax\u00e9s sur le d\u00e9veloppement technique et matchs adapt\u00e9s.<\/p>\t\t\t\t\t\t<\/div>\n\t\t\t\t<\/div>\n\t\t\t\t\t<\/div>\n\t\t\t\t<\/div>\n\t\t<div class=\"elementor-element elementor-element-674f0fc e-grid e-con-boxed e-con e-child\" data-id=\"674f0fc\" data-element_type=\"container\">\n\t\t\t\t\t<div class=\"e-con-inner\">\n\t\t\t\t<div class=\"elementor-element elementor-element-1b31788 elementor-widget elementor-widget-text-editor\" data-id=\"1b31788\" data-element_type=\"widget\" data-widget_type=\"text-editor.default\">\n\t\t\t\t<div class=\"elementor-widget-container\">\n\t\t\t\t\t\t\t<p><strong>12 \u00e0 15 ans : Pr\u00e9formation<\/strong><\/p><p>Une \u00e9tape cl\u00e9 pour pr\u00e9parer les jeunes joueurs \u00e0 la comp\u00e9tition.<br \/>\u2022 Objectifs : Approfondir les comp\u00e9tences tactiques et techniques avanc\u00e9es, d\u00e9velopper l\u2019endurance et la force mentale.<br \/>\u2022 Contenu : Entra\u00eenements intensifs et matchs r\u00e9guliers.<\/p>\t\t\t\t\t\t<\/div>\n\t\t\t\t<\/div>\n\t\t\t\t<div class=\"elementor-element elementor-element-f76220b elementor-widget elementor-widget-image\" data-id=\"f76220b\" data-element_type=\"widget\" data-widget_type=\"image.default\">\n\t\t\t\t<div class=\"elementor-widget-container\">\n\t\t\t\t\t\t\t\t\t\t\t\t\t<img decoding=\"async\" width=\"800\" height=\"534\" src=\"https:\/\/academievillarreal.rssoftllc.com\/wp-content\/uploads\/2024\/11\/20240113-VillarrealCFBenjC-Segorbe-009-1024x683.jpg\" class=\"attachment-large size-large wp-image-479\" alt=\"\" srcset=\"https:\/\/academievillarreal.rssoftllc.com\/wp-content\/uploads\/2024\/11\/20240113-VillarrealCFBenjC-Segorbe-009-1024x683.jpg 1024w, https:\/\/academievillarreal.rssoftllc.com\/wp-content\/uploads\/2024\/11\/20240113-VillarrealCFBenjC-Segorbe-009-300x200.jpg 300w, https:\/\/academievillarreal.rssoftllc.com\/wp-content\/uploads\/2024\/11\/20240113-VillarrealCFBenjC-Segorbe-009-768x512.jpg 768w, https:\/\/academievillarreal.rssoftllc.com\/wp-content\/uploads\/2024\/11\/20240113-VillarrealCFBenjC-Segorbe-009-1536x1024.jpg 1536w, https:\/\/academievillarreal.rssoftllc.com\/wp-content\/uploads\/2024\/11\/20240113-VillarrealCFBenjC-Segorbe-009-2048x1365.jpg 2048w\" sizes=\"(max-width: 800px) 100vw, 800px\" \/>\t\t\t\t\t\t\t\t\t\t\t\t\t<\/div>\n\t\t\t\t<\/div>\n\t\t\t\t\t<\/div>\n\t\t\t\t<\/div>\n\t\t<div class=\"elementor-element elementor-element-7e9be01 e-grid e-con-boxed e-con e-child\" data-id=\"7e9be01\" data-element_type=\"container\">\n\t\t\t\t\t<div class=\"e-con-inner\">\n\t\t\t\t<div class=\"elementor-element elementor-element-a7026f2 elementor-widget elementor-widget-image\" data-id=\"a7026f2\" data-element_type=\"widget\" data-widget_type=\"image.default\">\n\t\t\t\t<div class=\"elementor-widget-container\">\n\t\t\t\t\t\t\t\t\t\t\t\t\t<img loading=\"lazy\" decoding=\"async\" width=\"800\" height=\"534\" src=\"https:\/\/academievillarreal.rssoftllc.com\/wp-content\/uploads\/2024\/11\/20240113-VillarrealCFJuvA-EFBMiguelIturra-019-1024x683.jpg\" class=\"attachment-large size-large wp-image-484\" alt=\"\" srcset=\"https:\/\/academievillarreal.rssoftllc.com\/wp-content\/uploads\/2024\/11\/20240113-VillarrealCFJuvA-EFBMiguelIturra-019-1024x683.jpg 1024w, https:\/\/academievillarreal.rssoftllc.com\/wp-content\/uploads\/2024\/11\/20240113-VillarrealCFJuvA-EFBMiguelIturra-019-300x200.jpg 300w, https:\/\/academievillarreal.rssoftllc.com\/wp-content\/uploads\/2024\/11\/20240113-VillarrealCFJuvA-EFBMiguelIturra-019-768x512.jpg 768w, https:\/\/academievillarreal.rssoftllc.com\/wp-content\/uploads\/2024\/11\/20240113-VillarrealCFJuvA-EFBMiguelIturra-019-1536x1024.jpg 1536w, https:\/\/academievillarreal.rssoftllc.com\/wp-content\/uploads\/2024\/11\/20240113-VillarrealCFJuvA-EFBMiguelIturra-019-2048x1365.jpg 2048w\" sizes=\"(max-width: 800px) 100vw, 800px\" \/>\t\t\t\t\t\t\t\t\t\t\t\t\t<\/div>\n\t\t\t\t<\/div>\n\t\t\t\t<div class=\"elementor-element elementor-element-4a62c77 elementor-widget elementor-widget-text-editor\" data-id=\"4a62c77\" data-element_type=\"widget\" data-widget_type=\"text-editor.default\">\n\t\t\t\t<div class=\"elementor-widget-container\">\n\t\t\t\t\t\t\t<p><strong>15 \u00e0 17 ans : Formation<\/strong><\/p><p>Une formation compl\u00e8te pour ceux qui envisagent des opportunit\u00e9s professionnelles ou universitaires.<br \/>\u2022 Objectifs : Atteindre un haut niveau technique et tactique, se pr\u00e9parer \u00e0 la comp\u00e9tition de haut niveau.<br \/>\u2022 Contenu : Entra\u00eenements sp\u00e9cialis\u00e9s, analyse vid\u00e9o et pr\u00e9paration physique avanc\u00e9e.<\/p><p>\u00a0<\/p>\t\t\t\t\t\t<\/div>\n\t\t\t\t<\/div>\n\t\t\t\t\t<\/div>\n\t\t\t\t<\/div>\n\t\t\t\t<\/div>\n\t\t\t\t<\/div>\n\t\t<div class=\"elementor-element elementor-element-6f46611 e-flex e-con-boxed e-con e-parent\" data-id=\"6f46611\" data-element_type=\"container\" data-settings=\"{&quot;background_background&quot;:&quot;classic&quot;}\">\n\t\t\t\t\t<div class=\"e-con-inner\">\n\t\t\t\t<div class=\"elementor-element elementor-element-1877ac2 elementor-widget elementor-widget-heading\" data-id=\"1877ac2\" data-element_type=\"widget\" data-widget_type=\"heading.default\">\n\t\t\t\t<div class=\"elementor-widget-container\">\n\t\t\t<h2 class=\"elementor-heading-title elementor-size-default\">Sp\u00e9cificit\u00e9s de l\u2019Acad\u00e9mie Villareal Montr\u00e9al\n<\/h2>\t\t<\/div>\n\t\t\t\t<\/div>\n\t\t\t\t<div class=\"elementor-element elementor-element-fa7f1dc elementor-widget elementor-widget-text-editor\" data-id=\"fa7f1dc\" data-element_type=\"widget\" data-widget_type=\"text-editor.default\">\n\t\t\t\t<div class=\"elementor-widget-container\">\n\t\t\t\t\t\t\t<p>Programme pour gardiens de but : Des s\u00e9ances sp\u00e9cifiques pour d\u00e9velopper les comp\u00e9tences uniques de ce poste cl\u00e9.<br \/>\u2022 Formation continue pour les entra\u00eeneurs : Un engagement \u00e0 perfectionner nos coachs pour offrir le meilleur encadrement possible.<br \/>\u2022 Opportunit\u00e9s internationales :<br \/>Chaque ann\u00e9e, les deux meilleurs joueurs de l\u2019acad\u00e9mie sont s\u00e9lectionn\u00e9s pour participer \u00e0 un stage enti\u00e8rement pris en charge \u00e0 Villareal, en Espagne. Une chance unique de s\u2019entra\u00eener avec l\u2019acad\u00e9mie m\u00e8re et de jouer avec ses \u00e9quipes.<\/p>\t\t\t\t\t\t<\/div>\n\t\t\t\t<\/div>\n\t\t\t\t<div class=\"elementor-element elementor-element-8d0cc14 elementor-widget elementor-widget-heading\" data-id=\"8d0cc14\" data-element_type=\"widget\" data-widget_type=\"heading.default\">\n\t\t\t\t<div class=\"elementor-widget-container\">\n\t\t\t<h2 class=\"elementor-heading-title elementor-size-default\">Organisation du programme<\/h2>\t\t<\/div>\n\t\t\t\t<\/div>\n\t\t\t\t<div class=\"elementor-element elementor-element-fd9abe8 elementor-widget elementor-widget-text-editor\" data-id=\"fd9abe8\" data-element_type=\"widget\" data-widget_type=\"text-editor.default\">\n\t\t\t\t<div class=\"elementor-widget-container\">\n\t\t\t\t\t\t\t<p>\u00a0\u2022 Fr\u00e9quence des entra\u00eenements : 2 \u00e0 3 s\u00e9ances par semaine.<br \/>\u2022 Matchs : Organisation r\u00e9guli\u00e8re de matchs amicaux pour mettre en pratique les acquis.<\/p>\t\t\t\t\t\t<\/div>\n\t\t\t\t<\/div>\n\t\t\t\t<div class=\"elementor-element elementor-element-f49ed52 elementor-align-left elementor-widget elementor-widget-button\" data-id=\"f49ed52\" data-element_type=\"widget\" data-widget_type=\"button.default\">\n\t\t\t\t<div class=\"elementor-widget-container\">\n\t\t\t\t\t\t\t<div class=\"elementor-button-wrapper\">\n\t\t\t\t\t<a class=\"elementor-button elementor-button-link elementor-size-sm\" href=\"https:\/\/academievillarreal.rssoftllc.com\/index.php\/registration\/\">\n\t\t\t\t\t\t<span class=\"elementor-button-content-wrapper\">\n\t\t\t\t\t\t\t\t\t<span class=\"elementor-button-text\">Rejoignez-nous !<\/span>\n\t\t\t\t\t<\/span>\n\t\t\t\t\t<\/a>\n\t\t\t\t<\/div>\n\t\t\t\t\t\t<\/div>\n\t\t\t\t<\/div>\n\t\t\t\t<div class=\"elementor-element elementor-element-4528e43 elementor-widget elementor-widget-text-editor\" data-id=\"4528e43\" data-element_type=\"widget\" data-widget_type=\"text-editor.default\">\n\t\t\t\t<div class=\"elementor-widget-container\">\n\t\t\t\t\t\t\t<p>D\u00e9couvrez pourquoi l\u2019Acad\u00e9mie Villarreal Montr\u00e9al est le choix id\u00e9al pour les jeunes passionn\u00e9s de soccer. Que ce soit pour d\u00e9velopper vos talents ou r\u00e9aliser vos r\u00eaves, notre programme est con\u00e7u pour vous accompagner \u00e0 chaque \u00e9tape.<\/p>\t\t\t\t\t\t<\/div>\n\t\t\t\t<\/div>\n\t\t\t\t\t<\/div>\n\t\t\t\t<\/div>\n\t\t\t\t<\/div>\n\t\t","protected":false},"excerpt":{"rendered":"<p>Programme de l\u2019Acad\u00e9mie Villarreal Montr\u00e9al Depuis 5 ans, l\u2019Acad\u00e9mie Villarreal Montr\u00e9al, situ\u00e9e au c\u0153ur de Montr\u00e9al, Qu\u00e9bec, Canada, offre des programmes de soccer d\u2019\u00e9lite pour les jeunes de 6 \u00e0 17 ans. Inspir\u00e9e par l\u2019acad\u00e9mie m\u00e8re en Espagne, notre mission est de former des joueurs talentueux tout en leur inculquant les valeurs du sport : [&hellip;]<\/p>\n","protected":false},"author":1,"featured_media":0,"parent":0,"menu_order":0,"comment_status":"closed","ping_status":"closed","template":"elementor_header_footer","meta":{"footnotes":""},"class_list":["post-849","page","type-page","status-publish","hentry"],"_links":{"self":[{"href":"https:\/\/academievillarreal.rssoftllc.com\/index.php\/wp-json\/wp\/v2\/pages\/849","targetHints":{"allow":["GET"]}}],"collection":[{"href":"https:\/\/academievillarreal.rssoftllc.com\/index.php\/wp-json\/wp\/v2\/pages"}],"about":[{"href":"https:\/\/academievillarreal.rssoftllc.com\/index.php\/wp-json\/wp\/v2\/types\/page"}],"author":[{"embeddable":true,"href":"https:\/\/academievillarreal.rssoftllc.com\/index.php\/wp-json\/wp\/v2\/users\/1"}],"replies":[{"embeddable":true,"href":"https:\/\/academievillarreal.rssoftllc.com\/index.php\/wp-json\/wp\/v2\/comments?post=849"}],"version-history":[{"count":31,"href":"https:\/\/academievillarreal.rssoftllc.com\/index.php\/wp-json\/wp\/v2\/pages\/849\/revisions"}],"predecessor-version":[{"id":883,"href":"https:\/\/academievillarreal.rssoftllc.com\/index.php\/wp-json\/wp\/v2\/pages\/849\/revisions\/883"}],"wp:attachment":[{"href":"https:\/\/academievillarreal.rssoftllc.com\/index.php\/wp-json\/wp\/v2\/media?parent=849"}],"curies":[{"name":"wp","href":"https:\/\/api.w.org\/{rel}","templated":true}]}}